{"id":105,"date":"2018-12-03T10:01:59","date_gmt":"2018-12-03T10:01:59","guid":{"rendered":"http:\/\/unitci.com\/fr\/?page_id=105"},"modified":"2018-12-03T10:04:58","modified_gmt":"2018-12-03T10:04:58","slug":"politique-de-confidentialite","status":"publish","type":"page","link":"https:\/\/unitci.com\/fr\/politique-de-confidentialite\/","title":{"rendered":"Politique de confidentialit\u00e9"},"content":{"rendered":"<p>To see the English version <strong><a href=\"http:\/\/unitci.com\/privacy-policy\/\">click here<\/a><\/strong>.<\/p>\n<p><strong>UNI Courtage en Assurance-Cr\u00e9dit<\/strong> (\u00abnous\u00bb ou \u00abnotre\u00bb) exploite <strong>http:\/\/unitci.com<\/strong> (le \u00absite\u00bb). Cette page vous informe de nos politiques en mati\u00e8re de collecte, d&#8217;utilisation et de divulgation des informations personnelles que nous recevons des utilisateurs du site.<\/p>\n<p>Nous utilisons vos informations personnelles uniquement pour vous procurer un service et am\u00e9liorer notre site. En utilisant le site, vous acceptez la collecte et l&#8217;utilisation d&#8217;informations conform\u00e9ment \u00e0 cette politique.<\/p>\n<p><strong>Collecte et utilisation d&#8217;informations<\/strong><\/p>\n<p>Lorsque vous utilisez notre site, vous pouvez choisir de nous fournir certaines informations personnellement identifiables pouvant \u00eatre utilis\u00e9es pour vous contacter ou vous identifier. Les informations personnellement identifiables peuvent inclure, sans toutefois s&#8217;y limiter, votre nom (&#8220;Informations personnelles&#8221;) et d&#8217;autres d\u00e9tails que vous choisissez d&#8217;entrer dans nos formulaires &#8220;Contactez-nous&#8221; ou &#8220;Demande de cotation&#8221;.<\/p>\n<p><strong>Donn\u00e9es de journal<\/strong><\/p>\n<p>Comme de nombreux exploitants de sites, nous collectons les informations que votre navigateur envoie \u00e0 chaque fois que vous visitez notre site (&#8220;Donn\u00e9es du journal&#8221;).<\/p>\n<p>Ces donn\u00e9es de journal peuvent inclure des informations telles que l&#8217;adresse IP (Internet Protocol) de votre ordinateur, le type de navigateur, la version du navigateur, les pages de notre site que vous visitez, l&#8217;heure et la date de votre visite, le temps pass\u00e9 sur ces pages, et autres statistiques.<\/p>\n<p>Nous utilisons des services tiers, tels que Google Analytics, pour collecter, surveiller et analyser ces informations. Google Analytics est un service d&#8217;analyse de site internet fourni par Google, Inc. Google Analytics cr\u00e9e un cookie afin d&#8217;\u00e9valuer votre utilisation du site.<\/p>\n<p>Google stocke les informations collect\u00e9es par le cookie sur des serveurs situ\u00e9s aux \u00c9tats-Unis. Google peut \u00e9galement transf\u00e9rer ces informations \u00e0 des tiers lorsque la loi l\u2019y oblige ou lorsque ces tiers traitent les informations pour le compte de Google. Google n&#8217;associera votre adresse IP \u00e0 aucune autre donn\u00e9e d\u00e9tenue par Google. En utilisant le site d&#8217;UNI Courtage en Assurance-Cr\u00e9dit, vous consentez express\u00e9ment au traitement de vos donn\u00e9es par Google dans les conditions et pour les finalit\u00e9s d\u00e9crites ci-dessus.<br \/>\nVous pouvez trouver plus d&#8217;informations sur les cookies Google, comment les supprimer ou les rejeter en visitant: https:\/\/policies.google.com\/privacy<\/p>\n<p><strong>Les communications<\/strong><\/p>\n<p>Nous utiliserons les informations personnelles que vous avez fournies afin de vous contacter si vous avez choisi de remplir et d&#8217;envoyer nos formulaires &#8220;Contactez-nous&#8221; ou &#8220;Demande de cotation&#8221;.<\/p>\n<p><strong>Cookies<\/strong><\/p>\n<p>Les cookies sont des fichiers contenant une petite quantit\u00e9 de donn\u00e9es, pouvant inclure un identifiant unique et anonyme. Les cookies sont envoy\u00e9s \u00e0 votre navigateur \u00e0 partir d&#8217;un site Web et stock\u00e9s sur le disque dur de votre ordinateur.<\/p>\n<p>Comme de nombreux sites, nous utilisons des &#8220;cookies&#8221; pour collecter des informations. Vous pouvez r\u00e9gler votre navigateur web de fa\u00e7on \u00e0 refuser tous les cookies ou d&#8217;indiquer quand un cookie est envoy\u00e9. Cependant, si vous n&#8217;acceptez pas les cookies, vous ne pourrez peut-\u00eatre pas utiliser certaines parties de notre site.<\/p>\n<p>Si vous souhaitez restreindre ou bloquer les cookies d\u00e9finis par notre site ou tout autre site Web, vous pouvez le faire via les param\u00e8tres de votre navigateur. Utilisez la fonction &#8220;Aide&#8221; du navigateur que vous utilisez et recherchez &#8220;Bloquer les cookies&#8221;. Vous pouvez \u00e9galement trouver un guide complet sur la mani\u00e8re de contr\u00f4ler et de supprimer les cookies avec n\u2019importe quel navigateur sur https:\/\/www.aboutcookies.org<br \/>\nPour plus d&#8217;informations sur cette proc\u00e9dure sur les appareils mobiles, reportez-vous au manuel de votre appareil mobile.<\/p>\n<p><strong>S\u00e9curit\u00e9<\/strong><\/p>\n<p>La s\u00e9curit\u00e9 de vos informations personnelles est importante pour nous, mais rappelez-vous qu&#8217;aucune m\u00e9thode de transmission sur Internet, ni aucune m\u00e9thode de stockage \u00e9lectronique, n&#8217;est s\u00e9curis\u00e9e \u00e0 100%. Nous nous effor\u00e7ons d&#8217;utiliser des moyens commercialement acceptables pour prot\u00e9ger vos informations personnelles, mais nous ne pouvons pas garantir leur s\u00e9curit\u00e9 absolue.<\/p>\n<p>Changements \u00e0 cette politique de confidentialit\u00e9<\/p>\n<p>Cette politique de confidentialit\u00e9 est en vigueur \u00e0 compter du 7 novembre 2018 et le restera, sauf en ce qui concerne les modifications de ses dispositions \u00e0 l&#8217;avenir, qui entreront en vigueur imm\u00e9diatement apr\u00e8s leur publication sur cette page.<\/p>\n<p>Nous nous r\u00e9servons le droit de mettre \u00e0 jour ou de modifier notre politique de confidentialit\u00e9 \u00e0 tout moment et vous devriez consulter cette politique de confidentialit\u00e9 p\u00e9riodiquement. Votre utilisation continue de notre site apr\u00e8s la publication de toute modification de la politique de confidentialit\u00e9 sur cette page constituera votre reconnaissance des modifications et votre consentement \u00e0 respecter et \u00e0 \u00eatre li\u00e9 par la politique de confidentialit\u00e9 modifi\u00e9e.<\/p>\n<p>Si nous apportons des modifications importantes \u00e0 cette politique de confidentialit\u00e9, nous vous en informerons en pla\u00e7ant un avis visible sur notre site Web.<\/p>\n<p><strong>Contactez nous<\/strong><br \/>\nSi vous avez des questions sur cette politique ou sur la fa\u00e7on dont nous g\u00e9rons les informations personnelles, vous pouvez \u00e9galement contacter notre responsable de la protection de la vie priv\u00e9e \u00e0 privacy@unitci.com<\/p>\n","protected":false},"excerpt":{"rendered":"<p>To see the English version click here. UNI Courtage en Assurance-Cr\u00e9dit (\u00abnous\u00bb ou \u00abnotre\u00bb) exploite http:\/\/unitci.com (le \u00absite\u00bb). Cette page vous informe de nos politiques en mati\u00e8re de collecte, d&#8217;utilisation et de divulgation des informations personnelles que nous recevons des utilisateurs du site. Nous utilisons vos informations personnelles uniquement pour vous procurer un service et [&hellip;]<\/p>\n","protected":false},"author":1,"featured_media":0,"parent":0,"menu_order":0,"comment_status":"closed","ping_status":"closed","template":"","meta":{"footnotes":""},"class_list":["post-105","page","type-page","status-publish","hentry"],"_links":{"self":[{"href":"https:\/\/unitci.com\/fr\/wp-json\/wp\/v2\/pages\/105","targetHints":{"allow":["GET"]}}],"collection":[{"href":"https:\/\/unitci.com\/fr\/wp-json\/wp\/v2\/pages"}],"about":[{"href":"https:\/\/unitci.com\/fr\/wp-json\/wp\/v2\/types\/page"}],"author":[{"embeddable":true,"href":"https:\/\/unitci.com\/fr\/wp-json\/wp\/v2\/users\/1"}],"replies":[{"embeddable":true,"href":"https:\/\/unitci.com\/fr\/wp-json\/wp\/v2\/comments?post=105"}],"version-history":[{"count":4,"href":"https:\/\/unitci.com\/fr\/wp-json\/wp\/v2\/pages\/105\/revisions"}],"predecessor-version":[{"id":109,"href":"https:\/\/unitci.com\/fr\/wp-json\/wp\/v2\/pages\/105\/revisions\/109"}],"wp:attachment":[{"href":"https:\/\/unitci.com\/fr\/wp-json\/wp\/v2\/media?parent=105"}],"curies":[{"name":"wp","href":"https:\/\/api.w.org\/{rel}","templated":true}]}}