{"id":14,"date":"2018-11-20T01:15:30","date_gmt":"2018-11-20T01:15:30","guid":{"rendered":"http:\/\/unitci.com\/fr\/?page_id=14"},"modified":"2018-11-23T05:05:31","modified_gmt":"2018-11-23T05:05:31","slug":"uni-courtage-en-assurance-credit","status":"publish","type":"page","link":"https:\/\/unitci.com\/fr\/uni-courtage-en-assurance-credit\/","title":{"rendered":"UNI Courtage en Assurance-Cr\u00e9dit"},"content":{"rendered":"<p>Nous sommes un cabinet de courtage sp\u00e9cialis\u00e9 en assurance-cr\u00e9dit.<br \/>\nNous vous proposons des solutions novatrices et personnalis\u00e9es afin qu\u2019elles soient sp\u00e9cifiquement adapt\u00e9es \u00e0 vos besoins.<br \/>\nC\u2019est pourquoi UNI Courtage en Assurance-Cr\u00e9dit proc\u00e8de sans frais pour vous \u00e0 une \u00e9tude comparative des diverses solutions offertes par les plus grands assureurs-cr\u00e9dit.<br \/>\nUNI Courtage en Assurance-Cr\u00e9dit vous aide \u00e0 g\u00e9rer l\u2019assurance-cr\u00e9dit souscrite par l\u2019assureur et \u00e0 recevoir un traitement rapide des demandes de limites de cr\u00e9dit et des litiges.<\/p>\n<p>Notre service sans frais comprend \u00e9galement :<\/p>\n<ul>\n<li>une comparaison experte des conditions du contrat avec les autres offres du march\u00e9;<\/li>\n<li>une \u00e9tude de vos conditions g\u00e9n\u00e9rales de vente;<\/li>\n<li>des solutions d\u2019optimisation de la gestion des d\u00e9biteurs;<\/li>\n<li>une formation des collaborateurs responsables du suivi des d\u00e9biteurs;<\/li>\n<li>l\u2019\u00e9laboration et le contr\u00f4le des conditions du contrat et de ses avenants;<\/li>\n<li>une intervention ponctuelle en cas de probl\u00e8me li\u00e9s aux limites de cr\u00e9dit;<\/li>\n<li>une approche vigilante et un suivi minutieux des litiges en vue d\u2019obtenir un paiement rapide;<\/li>\n<li>des solutions d\u2019assurance-cr\u00e9dit internationales pour vos filiales dans le monde entier;<\/li>\n<li>d\u2019autres solutions de financement des risques.<\/li>\n<\/ul>\n<p>Afin de vous aider \u00e0 prendre les bonnes d\u00e9cisions, UNI Courtage en Assurance-Cr\u00e9dit vous repr\u00e9sente aupr\u00e8s des plus grands assureurs-cr\u00e9dit.<\/p>\n<p><a href=\"http:\/\/unitci.com\/fr\/contactez-nous\/\"><strong>Contactez-nous<\/strong><\/a> ou <a href=\"http:\/\/unitci.com\/fr\/demandez-une-cotation\/\"><strong>demandez une cotation<\/strong><\/a> d\u00e8s aujourd&#8217;hui.<\/p>\n","protected":false},"excerpt":{"rendered":"<p>Nous sommes un cabinet de courtage sp\u00e9cialis\u00e9 en assurance-cr\u00e9dit. Nous vous proposons des solutions novatrices et personnalis\u00e9es afin qu\u2019elles soient sp\u00e9cifiquement adapt\u00e9es \u00e0 vos besoins. C\u2019est pourquoi UNI Courtage en Assurance-Cr\u00e9dit proc\u00e8de sans frais pour vous \u00e0 une \u00e9tude comparative des diverses solutions offertes par les plus grands assureurs-cr\u00e9dit. UNI Courtage en Assurance-Cr\u00e9dit vous aide [&hellip;]<\/p>\n","protected":false},"author":1,"featured_media":0,"parent":0,"menu_order":0,"comment_status":"closed","ping_status":"closed","template":"","meta":{"footnotes":""},"class_list":["post-14","page","type-page","status-publish","hentry"],"_links":{"self":[{"href":"https:\/\/unitci.com\/fr\/wp-json\/wp\/v2\/pages\/14","targetHints":{"allow":["GET"]}}],"collection":[{"href":"https:\/\/unitci.com\/fr\/wp-json\/wp\/v2\/pages"}],"about":[{"href":"https:\/\/unitci.com\/fr\/wp-json\/wp\/v2\/types\/page"}],"author":[{"embeddable":true,"href":"https:\/\/unitci.com\/fr\/wp-json\/wp\/v2\/users\/1"}],"replies":[{"embeddable":true,"href":"https:\/\/unitci.com\/fr\/wp-json\/wp\/v2\/comments?post=14"}],"version-history":[{"count":5,"href":"https:\/\/unitci.com\/fr\/wp-json\/wp\/v2\/pages\/14\/revisions"}],"predecessor-version":[{"id":88,"href":"https:\/\/unitci.com\/fr\/wp-json\/wp\/v2\/pages\/14\/revisions\/88"}],"wp:attachment":[{"href":"https:\/\/unitci.com\/fr\/wp-json\/wp\/v2\/media?parent=14"}],"curies":[{"name":"wp","href":"https:\/\/api.w.org\/{rel}","templated":true}]}}