{"id":15,"date":"2018-11-20T01:15:30","date_gmt":"2018-11-20T01:15:30","guid":{"rendered":"http:\/\/unitci.com\/fr\/?page_id=15"},"modified":"2025-06-04T11:00:18","modified_gmt":"2025-06-04T15:00:18","slug":"partenaires","status":"publish","type":"page","link":"https:\/\/unitci.com\/fr\/partenaires\/","title":{"rendered":"Partenaires"},"content":{"rendered":"<div id=\"pl-15\"  class=\"panel-layout\" ><div id=\"pg-15-0\"  class=\"panel-grid panel-has-style\" ><div style=\"padding: -100px 0; \" class=\"panel-row-style panel-row-style-for-15-0\" ><div id=\"pgc-15-0-0\"  class=\"panel-grid-cell\" ><div id=\"panel-15-0-0-0\" class=\"so-panel widget widget_sow-editor panel-first-child panel-last-child\" data-index=\"0\" ><div\n\t\t\t\n\t\t\tclass=\"so-widget-sow-editor so-widget-sow-editor-base\"\n\t\t\t\n\t\t>\n<div class=\"siteorigin-widget-tinymce textwidget\">\n\t<p>Pour bien vous servir, UNI Courtage en Assurance-Cr\u00e9dit a nou\u00e9 des partenariats avec les plus grands assureurs-cr\u00e9dit. Cela nous permet de vous proposer les meilleures offres du march\u00e9 de mani\u00e8re impartiale.<\/p>\n<\/div>\n<\/div><\/div><\/div><\/div><\/div><div id=\"pg-15-1\"  class=\"panel-grid panel-has-style\" ><div style=\"padding: 100px 0; \" class=\"panel-row-style panel-row-style-for-15-1\" ><div id=\"pgc-15-1-0\"  class=\"panel-grid-cell\" ><div id=\"panel-15-1-0-0\" class=\"so-panel widget widget_media_image panel-first-child\" data-index=\"1\" ><img loading=\"lazy\" decoding=\"async\" width=\"326\" height=\"207\" src=\"https:\/\/unitci.com\/fr\/wp-content\/uploads\/sites\/3\/2019\/02\/Coface_logo.png\" class=\"image wp-image-116  attachment-full size-full\" alt=\"\" style=\"max-width: 100%; height: auto;\" srcset=\"https:\/\/unitci.com\/fr\/wp-content\/uploads\/sites\/3\/2019\/02\/Coface_logo.png 326w, https:\/\/unitci.com\/fr\/wp-content\/uploads\/sites\/3\/2019\/02\/Coface_logo-300x190.png 300w, https:\/\/unitci.com\/fr\/wp-content\/uploads\/sites\/3\/2019\/02\/Coface_logo-100x63.png 100w, https:\/\/unitci.com\/fr\/wp-content\/uploads\/sites\/3\/2019\/02\/Coface_logo-275x175.png 275w\" sizes=\"auto, (max-width: 326px) 100vw, 326px\" \/><\/div><div id=\"panel-15-1-0-1\" class=\"so-panel widget widget_media_image panel-last-child\" data-index=\"2\" ><a href=\"http:\/\/unitci.com\/fr\/wp-content\/uploads\/sites\/3\/2025\/06\/Logo_Allianz-Trade.png\"><img loading=\"lazy\" decoding=\"async\" class=\"image \" src=\"http:\/\/unitci.com\/fr\/wp-content\/uploads\/sites\/3\/2025\/06\/Logo_Allianz-Trade.png\" alt=\"\" width=\"900\" height=\"250\" \/><\/a><\/div><\/div><div id=\"pgc-15-1-1\"  class=\"panel-grid-cell\" ><div id=\"panel-15-1-1-0\" class=\"so-panel widget widget_media_image panel-first-child\" data-index=\"3\" ><img loading=\"lazy\" decoding=\"async\" width=\"326\" height=\"207\" src=\"https:\/\/unitci.com\/fr\/wp-content\/uploads\/sites\/3\/2019\/02\/EDC_logo.png\" class=\"image wp-image-126  attachment-full size-full\" alt=\"\" style=\"max-width: 100%; height: auto;\" srcset=\"https:\/\/unitci.com\/fr\/wp-content\/uploads\/sites\/3\/2019\/02\/EDC_logo.png 326w, https:\/\/unitci.com\/fr\/wp-content\/uploads\/sites\/3\/2019\/02\/EDC_logo-300x190.png 300w, https:\/\/unitci.com\/fr\/wp-content\/uploads\/sites\/3\/2019\/02\/EDC_logo-100x63.png 100w, https:\/\/unitci.com\/fr\/wp-content\/uploads\/sites\/3\/2019\/02\/EDC_logo-275x175.png 275w\" sizes=\"auto, (max-width: 326px) 100vw, 326px\" \/><\/div><div id=\"panel-15-1-1-1\" class=\"so-panel widget widget_media_image panel-last-child\" data-index=\"4\" ><a href=\"http:\/\/unitci.com\/fr\/wp-content\/uploads\/sites\/3\/2025\/06\/Intact-Solutions-Specialisees-logo.png\"><img loading=\"lazy\" decoding=\"async\" class=\"image \" src=\"http:\/\/unitci.com\/fr\/wp-content\/uploads\/sites\/3\/2025\/06\/Intact-Solutions-Specialisees-logo.png\" alt=\"\" width=\"267\" height=\"105\" \/><\/a><\/div><\/div><div id=\"pgc-15-1-2\"  class=\"panel-grid-cell panel-grid-cell-mobile-last\" ><div id=\"panel-15-1-2-0\" class=\"so-panel widget widget_media_image panel-first-child panel-last-child\" data-index=\"5\" ><img loading=\"lazy\" decoding=\"async\" width=\"326\" height=\"207\" src=\"https:\/\/unitci.com\/fr\/wp-content\/uploads\/sites\/3\/2019\/02\/Atradius_logo.png\" class=\"image wp-image-123  attachment-full size-full\" alt=\"\" style=\"max-width: 100%; height: auto;\" srcset=\"https:\/\/unitci.com\/fr\/wp-content\/uploads\/sites\/3\/2019\/02\/Atradius_logo.png 326w, https:\/\/unitci.com\/fr\/wp-content\/uploads\/sites\/3\/2019\/02\/Atradius_logo-300x190.png 300w, https:\/\/unitci.com\/fr\/wp-content\/uploads\/sites\/3\/2019\/02\/Atradius_logo-100x63.png 100w, https:\/\/unitci.com\/fr\/wp-content\/uploads\/sites\/3\/2019\/02\/Atradius_logo-275x175.png 275w\" sizes=\"auto, (max-width: 326px) 100vw, 326px\" \/><\/div><\/div><div id=\"pgc-15-1-3\"  class=\"panel-grid-cell panel-grid-cell-empty\" ><\/div><\/div><\/div><\/div>","protected":false},"excerpt":{"rendered":"<p>Pour bien vous servir, UNI Courtage en Assurance-Cr\u00e9dit a nou\u00e9 des partenariats avec les plus grands assureurs-cr\u00e9dit. Cela nous permet de vous proposer les meilleures offres du march\u00e9 de mani\u00e8re impartiale.<\/p>\n","protected":false},"author":2,"featured_media":0,"parent":0,"menu_order":0,"comment_status":"closed","ping_status":"closed","template":"page-templates\/page_fullwidth.php","meta":{"footnotes":""},"class_list":["post-15","page","type-page","status-publish","hentry"],"_links":{"self":[{"href":"https:\/\/unitci.com\/fr\/wp-json\/wp\/v2\/pages\/15","targetHints":{"allow":["GET"]}}],"collection":[{"href":"https:\/\/unitci.com\/fr\/wp-json\/wp\/v2\/pages"}],"about":[{"href":"https:\/\/unitci.com\/fr\/wp-json\/wp\/v2\/types\/page"}],"author":[{"embeddable":true,"href":"https:\/\/unitci.com\/fr\/wp-json\/wp\/v2\/users\/2"}],"replies":[{"embeddable":true,"href":"https:\/\/unitci.com\/fr\/wp-json\/wp\/v2\/comments?post=15"}],"version-history":[{"count":19,"href":"https:\/\/unitci.com\/fr\/wp-json\/wp\/v2\/pages\/15\/revisions"}],"predecessor-version":[{"id":142,"href":"https:\/\/unitci.com\/fr\/wp-json\/wp\/v2\/pages\/15\/revisions\/142"}],"wp:attachment":[{"href":"https:\/\/unitci.com\/fr\/wp-json\/wp\/v2\/media?parent=15"}],"curies":[{"name":"wp","href":"https:\/\/api.w.org\/{rel}","templated":true}]}}