{"id":42,"date":"2018-11-20T02:47:27","date_gmt":"2018-11-20T02:47:27","guid":{"rendered":"http:\/\/unitci.com\/fr\/?page_id=42"},"modified":"2018-11-24T01:07:53","modified_gmt":"2018-11-24T01:07:53","slug":"services","status":"publish","type":"page","link":"https:\/\/unitci.com\/fr\/services\/","title":{"rendered":"Services"},"content":{"rendered":"<p><strong>Qu&#8217;est-ce que l&#8217;assurance-cr\u00e9dit?<\/strong><\/p>\n<p>L&#8217;assurance-cr\u00e9dit est la solution face aux risques qui se pr\u00e9sentent chaque fois que vous accordez du cr\u00e9dit \u00e0 vos clients.<\/p>\n<p>&nbsp;<\/p>\n<p><strong>S\u00e9curit\u00e9 des actifs et protection des flux de tr\u00e9sorerie<\/strong><\/p>\n<p>L&#8217;assurance-cr\u00e9dit prot\u00e8ge l&#8217;un de vos actifs les plus pr\u00e9cieux, vos comptes d\u00e9biteurs.<br \/>\nEn moyenne, 40% des actifs d\u2019une entreprise se pr\u00e9sentent sous la forme de dettes commerciales qui constituent l\u2019un des actifs les plus vuln\u00e9rables en termes de risque de perte.<br \/>\nLe bilan d\u2019une entreprise est fortement d\u00e9pendant du paiement de sa dette commerciale pour assurer son flux de tr\u00e9sorerie et sa rentabilit\u00e9.<br \/>\nL\u2019assurance-cr\u00e9dit est une protection contre le non-paiement de ces dettes commerciales en cas d\u2019insolvabilit\u00e9 de vos clients (C.C.A.A., chapitre 7, chapitre 11) ou de leur d\u00e9faut de paiement dans les d\u00e9lais convenus (refus d&#8217;accepter des marchandises, comptes en souffrance).<\/p>\n<p>&nbsp;<\/p>\n<p><strong>Risque politique et gestion du risque<\/strong><\/p>\n<p>L\u2019assurance-cr\u00e9dit est un outil financier permettant de g\u00e9rer et de surveiller les risques commerciaux et politiques au-del\u00e0 du contr\u00f4le d&#8217;une entreprise.<br \/>\nOutre les facteurs commerciaux li\u00e9s au march\u00e9, les entreprises sont \u00e9galement touch\u00e9es par des d\u00e9cisions politiques pouvant affecter leurs activit\u00e9s, secteur d&#8217;industries et l\u2019ensemble de l\u2019\u00e9conomie.<br \/>\nCeux-ci peuvent inclure les taxes, les d\u00e9penses, les r\u00e9glementations, l\u2019\u00e9valuation de la monnaie, les tarifs commerciaux, les lois du travail telles que les lois sur le salaire minimum et les r\u00e9glementations environnementales.<br \/>\nLes entreprises sont expos\u00e9es \u00e0 de multiples risques, notamment l&#8217;impossibilit\u00e9 de convertir la monnaie locale et de la rapatrier, l&#8217;interruption du contrat, le non-paiement, la confiscation, le d\u00e9faut de paiement de la dette souveraine ou les troubles g\u00e9opolitiques.<br \/>\nL&#8217;assurance-cr\u00e9dit peut \u00e9liminer ou att\u00e9nuer certains risques politiques. Cela permet \u00e0 la direction et aux investisseurs de se concentrer sur les fondamentaux de l&#8217;entreprise en sachant que les pertes li\u00e9es aux risques politiques sont \u00e9vit\u00e9es ou limit\u00e9es.<\/p>\n<p>&nbsp;<\/p>\n<p><strong>Avantages de l&#8217;assurance-cr\u00e9dit<\/strong><\/p>\n<p>L\u2019assurance-cr\u00e9dit peut \u00eatre essentielle pour assurer le succ\u00e8s continu d\u2019une entreprise en:<\/p>\n<ul>\n<li>vous aidant \u00e0 augmenter vos ventes en toute s\u00e9curit\u00e9 et \u00e0 d\u00e9velopper vos activit\u00e9s sur les march\u00e9s int\u00e9rieurs ou internationaux aupr\u00e8s de nouveaux clients et de clients existants;<\/li>\n<li>vous donnant l&#8217;avantage concurrentiel de proposer des conditions de paiement ouvertes s\u00fbres et plus souples ou de permettre des commandes plus importantes;<\/li>\n<li>prot\u00e9geant votre entreprise contre le risque de d\u00e9faillance des clients et les pertes catastrophiques et en vous assurant d&#8217;\u00eatre pay\u00e9;<\/li>\n<li>vous fournissant les meilleures informations afin de prendre les bonnes d\u00e9cisions pour votre entreprise et en travaillant en \u00e9troite collaboration avec vos gestionnaires internes responsables du cr\u00e9dit afin d&#8217;optimiser la gestion du cr\u00e9dit de votre entreprise;<\/li>\n<li>\u00e9tant tr\u00e8s rentable, flexible, adapt\u00e9e \u00e0 votre taille, \u00e0 votre secteur et \u00e0 vos ambitions commerciales et vous donner une capacit\u00e9 mondiale tout en s\u00e9curisant votre entreprise;<\/li>\n<li>am\u00e9liorant votre position aupr\u00e8s des pr\u00eateurs en garantissant les comptes clients, ce qui leur permet d\u2019am\u00e9liorer leurs conditions de marge et\/ou de financement bancaire.<\/li>\n<\/ul>\n<p>&nbsp;<\/p>\n<p><strong>Avantages chez UNI Courtage en Assurance-Cr\u00e9dit<\/strong><\/p>\n<p>Nous vous proposons des solutions novatrices et personnalis\u00e9es afin qu\u2019elles soient sp\u00e9cifiquement adapt\u00e9es \u00e0 vos besoins.<br \/>\nC\u2019est pourquoi UNI Courtage en Assurance-Cr\u00e9dit proc\u00e8de sans frais pour vous \u00e0 une \u00e9tude comparative des diverses solutions offertes par les plus grands assureurs-cr\u00e9dit.<br \/>\nUNI Courtage en Assurance-Cr\u00e9dit vous aide \u00e0 g\u00e9rer l\u2019assurance-cr\u00e9dit souscrite par l\u2019assureur et \u00e0 recevoir un traitement rapide des demandes de limites de cr\u00e9dit et des litiges.<\/p>\n<p>Notre service sans frais comprend \u00e9galement :<\/p>\n<ul>\n<li>une comparaison experte des conditions du contrat avec les autres offres du march\u00e9;<\/li>\n<li>une \u00e9tude de vos conditions g\u00e9n\u00e9rales de vente;<\/li>\n<li>des solutions d\u2019optimisation de la gestion des d\u00e9biteurs;<\/li>\n<li>une formation des collaborateurs responsables du suivi des d\u00e9biteurs;<\/li>\n<li>l\u2019\u00e9laboration et le contr\u00f4le des conditions du contrat et de ses avenants;<\/li>\n<li>une intervention ponctuelle en cas de probl\u00e8me li\u00e9s aux limites de cr\u00e9dit;<\/li>\n<li>une approche vigilante et un suivi minutieux des litiges en vue d\u2019obtenir un paiement rapide;<\/li>\n<li>des solutions d\u2019assurance-cr\u00e9dit internationales pour vos filiales dans le monde entier;<\/li>\n<li>d\u2019autres solutions de financement des risques.<\/li>\n<\/ul>\n<p><a href=\"http:\/\/unitci.com\/fr\/contactez-nous\/\"><strong>Contactez-nous<\/strong><\/a> ou <a href=\"http:\/\/unitci.com\/fr\/demandez-une-cotation\/\"><strong>demandez une cotation<\/strong><\/a> d\u00e8s aujourd&#8217;hui.<\/p>\n","protected":false},"excerpt":{"rendered":"<p>Qu&#8217;est-ce que l&#8217;assurance-cr\u00e9dit? L&#8217;assurance-cr\u00e9dit est la solution face aux risques qui se pr\u00e9sentent chaque fois que vous accordez du cr\u00e9dit \u00e0 vos clients. &nbsp; S\u00e9curit\u00e9 des actifs et protection des flux de tr\u00e9sorerie L&#8217;assurance-cr\u00e9dit prot\u00e8ge l&#8217;un de vos actifs les plus pr\u00e9cieux, vos comptes d\u00e9biteurs. En moyenne, 40% des actifs d\u2019une entreprise se pr\u00e9sentent sous [&hellip;]<\/p>\n","protected":false},"author":1,"featured_media":0,"parent":0,"menu_order":0,"comment_status":"closed","ping_status":"closed","template":"page-templates\/page_fullwidth.php","meta":{"footnotes":""},"class_list":["post-42","page","type-page","status-publish","hentry"],"_links":{"self":[{"href":"https:\/\/unitci.com\/fr\/wp-json\/wp\/v2\/pages\/42","targetHints":{"allow":["GET"]}}],"collection":[{"href":"https:\/\/unitci.com\/fr\/wp-json\/wp\/v2\/pages"}],"about":[{"href":"https:\/\/unitci.com\/fr\/wp-json\/wp\/v2\/types\/page"}],"author":[{"embeddable":true,"href":"https:\/\/unitci.com\/fr\/wp-json\/wp\/v2\/users\/1"}],"replies":[{"embeddable":true,"href":"https:\/\/unitci.com\/fr\/wp-json\/wp\/v2\/comments?post=42"}],"version-history":[{"count":20,"href":"https:\/\/unitci.com\/fr\/wp-json\/wp\/v2\/pages\/42\/revisions"}],"predecessor-version":[{"id":97,"href":"https:\/\/unitci.com\/fr\/wp-json\/wp\/v2\/pages\/42\/revisions\/97"}],"wp:attachment":[{"href":"https:\/\/unitci.com\/fr\/wp-json\/wp\/v2\/media?parent=42"}],"curies":[{"name":"wp","href":"https:\/\/api.w.org\/{rel}","templated":true}]}}