{"id":44,"date":"2018-11-20T02:47:47","date_gmt":"2018-11-20T02:47:47","guid":{"rendered":"http:\/\/unitci.com\/fr\/?page_id=44"},"modified":"2018-11-22T01:10:16","modified_gmt":"2018-11-22T01:10:16","slug":"contactez-nous","status":"publish","type":"page","link":"https:\/\/unitci.com\/fr\/contactez-nous\/","title":{"rendered":"Contactez-nous"},"content":{"rendered":"<div id=\"pl-44\"  class=\"panel-layout\" ><div id=\"pg-44-0\"  class=\"panel-grid panel-has-style\" ><div style=\"padding: -125px 0; \" class=\"panel-row-style panel-row-style-for-44-0\" ><div id=\"pgc-44-0-0\"  class=\"panel-grid-cell panel-grid-cell-mobile-last\" ><div id=\"panel-44-0-0-0\" class=\"so-panel widget widget_text panel-first-child panel-last-child\" data-index=\"0\" >\t\t\t<div class=\"textwidget\"><div role=\"form\" class=\"wpcf7\" id=\"wpcf7-f55-o1\" lang=\"en-US\" dir=\"ltr\">\n<div class=\"screen-reader-response\"><\/div>\n<form action=\"\/fr\/wp-json\/wp\/v2\/pages\/44#wpcf7-f55-o1\" method=\"post\" class=\"wpcf7-form\" novalidate=\"novalidate\">\n<div style=\"display: none;\">\n<input type=\"hidden\" name=\"_wpcf7\" value=\"55\" \/>\n<input type=\"hidden\" name=\"_wpcf7_version\" value=\"5.1.7\" \/>\n<input type=\"hidden\" name=\"_wpcf7_locale\" value=\"en_US\" \/>\n<input type=\"hidden\" name=\"_wpcf7_unit_tag\" value=\"wpcf7-f55-o1\" \/>\n<input type=\"hidden\" name=\"_wpcf7_container_post\" value=\"0\" \/>\n<\/div>\n<p><label> Votre nom (requis)<br \/>\n    <span class=\"wpcf7-form-control-wrap your-name\"><input type=\"text\" name=\"your-name\" value=\"\" size=\"40\" class=\"wpcf7-form-control wpcf7-text wpcf7-validates-as-required\" aria-required=\"true\" aria-invalid=\"false\" \/><\/span> <\/label><\/p>\n<p><label> Votre titre (requis)<br \/>\n    <span class=\"wpcf7-form-control-wrap your-title\"><input type=\"text\" name=\"your-title\" value=\"\" size=\"40\" class=\"wpcf7-form-control wpcf7-text wpcf7-validates-as-required\" aria-required=\"true\" aria-invalid=\"false\" \/><\/span> <\/label><\/p>\n<p><label> Votre entreprise (requis)<br \/>\n    <span class=\"wpcf7-form-control-wrap your-company\"><input type=\"text\" name=\"your-company\" value=\"\" size=\"40\" class=\"wpcf7-form-control wpcf7-text wpcf7-validates-as-required\" aria-required=\"true\" aria-invalid=\"false\" \/><\/span> <\/label><\/p>\n<p><label> Votre no. de t\u00e9l (requis)<br \/>\n    <span class=\"wpcf7-form-control-wrap PhoneNumber\"><input type=\"tel\" name=\"PhoneNumber\" value=\"\" size=\"40\" class=\"wpcf7-form-control wpcf7-text wpcf7-tel wpcf7-validates-as-required wpcf7-validates-as-tel\" aria-required=\"true\" aria-invalid=\"false\" placeholder=\"xxx-xxx-xxxx\" \/><\/span> <\/label><\/p>\n<p><label> Votre courriel (requis)<br \/>\n    <span class=\"wpcf7-form-control-wrap your-email\"><input type=\"email\" name=\"your-email\" value=\"\" size=\"40\" class=\"wpcf7-form-control wpcf7-text wpcf7-email wpcf7-validates-as-required wpcf7-validates-as-email\" aria-required=\"true\" aria-invalid=\"false\" \/><\/span> <\/label><\/p>\n<p><label> Sujet (requis)<br \/>\n    <span class=\"wpcf7-form-control-wrap your-subject\"><input type=\"text\" name=\"your-subject\" value=\"\" size=\"40\" class=\"wpcf7-form-control wpcf7-text wpcf7-validates-as-required\" aria-required=\"true\" aria-invalid=\"false\" \/><\/span> <\/label><\/p>\n<p><label> Votre message (requis)<br \/>\n    <span class=\"wpcf7-form-control-wrap your-message\"><textarea name=\"your-message\" cols=\"40\" rows=\"10\" class=\"wpcf7-form-control wpcf7-textarea wpcf7-validates-as-required\" aria-required=\"true\" aria-invalid=\"false\"><\/textarea><\/span> <\/label><\/p>\n<p><span class=\"wpcf7-form-control-wrap Checkbox\"><span class=\"wpcf7-form-control wpcf7-checkbox wpcf7-validates-as-required\"><span class=\"wpcf7-list-item first last\"><input type=\"checkbox\" name=\"Checkbox[]\" value=\"Je confirme qu&#039;UNI Courtage en Assurance-Cr\u00e9dit peut me contacter au sujet de ses services conform\u00e9ment \u00e0 sa politique de confidentialit\u00e9.\" \/><span class=\"wpcf7-list-item-label\">Je confirme qu&#039;UNI Courtage en Assurance-Cr\u00e9dit peut me contacter au sujet de ses services conform\u00e9ment \u00e0 sa politique de confidentialit\u00e9.<\/span><\/span><\/span><\/span><\/p>\n<p><input type=\"submit\" value=\"Envoyer\" class=\"wpcf7-form-control wpcf7-submit\" \/><\/p>\n<div class=\"wpcf7-response-output wpcf7-display-none\"><\/div><\/form><\/div>\n<\/div>\n\t\t<\/div><\/div><div id=\"pgc-44-0-1\"  class=\"panel-grid-cell panel-grid-cell-empty\" ><\/div><\/div><\/div><\/div>","protected":false},"excerpt":{"rendered":"<p>Votre nom (requis) Votre titre (requis) Votre entreprise (requis) Votre no. de t\u00e9l (requis) Votre courriel (requis) Sujet (requis) Votre message (requis) Je confirme qu&#039;UNI Courtage en Assurance-Cr\u00e9dit peut me contacter au sujet de ses services conform\u00e9ment \u00e0 sa politique de confidentialit\u00e9.<\/p>\n","protected":false},"author":1,"featured_media":0,"parent":0,"menu_order":0,"comment_status":"closed","ping_status":"closed","template":"","meta":{"footnotes":""},"class_list":["post-44","page","type-page","status-publish","hentry"],"_links":{"self":[{"href":"https:\/\/unitci.com\/fr\/wp-json\/wp\/v2\/pages\/44","targetHints":{"allow":["GET"]}}],"collection":[{"href":"https:\/\/unitci.com\/fr\/wp-json\/wp\/v2\/pages"}],"about":[{"href":"https:\/\/unitci.com\/fr\/wp-json\/wp\/v2\/types\/page"}],"author":[{"embeddable":true,"href":"https:\/\/unitci.com\/fr\/wp-json\/wp\/v2\/users\/1"}],"replies":[{"embeddable":true,"href":"https:\/\/unitci.com\/fr\/wp-json\/wp\/v2\/comments?post=44"}],"version-history":[{"count":5,"href":"https:\/\/unitci.com\/fr\/wp-json\/wp\/v2\/pages\/44\/revisions"}],"predecessor-version":[{"id":57,"href":"https:\/\/unitci.com\/fr\/wp-json\/wp\/v2\/pages\/44\/revisions\/57"}],"wp:attachment":[{"href":"https:\/\/unitci.com\/fr\/wp-json\/wp\/v2\/media?parent=44"}],"curies":[{"name":"wp","href":"https:\/\/api.w.org\/{rel}","templated":true}]}}