{"id":46,"date":"2018-11-20T02:48:34","date_gmt":"2018-11-20T02:48:34","guid":{"rendered":"http:\/\/unitci.com\/fr\/?page_id=46"},"modified":"2018-11-24T03:26:22","modified_gmt":"2018-11-24T03:26:22","slug":"faq","status":"publish","type":"page","link":"https:\/\/unitci.com\/fr\/faq\/","title":{"rendered":"FAQ"},"content":{"rendered":"<p><strong><span class=\"collapseomatic \" id=\"id69f1a5c61f2df\" rel=\"a\" tabindex=\"0\" title=\"Qu'est-ce que l'assurance-cr\u00e9dit?\"    >Qu'est-ce que l'assurance-cr\u00e9dit?<\/span><div id=\"target-id69f1a5c61f2df\" class=\"collapseomatic_content \"><\/strong>L\u2019assurance-cr\u00e9dit prot\u00e8ge vos comptes d\u00e9biteur contre les risques de non-paiement de biens ou de services par vos acheteurs, qu\u2019ils soient situ\u00e9s dans le m\u00eame pays que votre entreprise (risque int\u00e9rieur) ou dans un autre pays (risque \u00e0 l\u2019exportation). Elle couvre le non-paiement r\u00e9sultant de l&#8217;insolvabilit\u00e9 de l&#8217;acheteur ou les d\u00e9fauts de paiement dans les d\u00e9lais convenus (refus d\u2019accepter des marchandises, comptes en souffrance). Elle peut \u00e9galement assurer le risque de non-paiement \u00e0 la suite d&#8217;un \u00e9v\u00e9nement au-del\u00e0 du contr\u00f4le de l&#8217;acheteur ou du fournisseur (couverture du risque politique), tel que l\u2019impossibilit\u00e9 de convertir la monnaie locale et de la rapatrier.<\/div>\n<p>&nbsp;<\/p>\n<p><strong><span class=\"collapseomatic \" id=\"id69f1a5c61f302\" rel=\"b\" tabindex=\"0\" title=\"Pourquoi devrais-je assurer mes comptes clients?\"    >Pourquoi devrais-je assurer mes comptes clients?<\/span><div id=\"target-id69f1a5c61f302\" class=\"collapseomatic_content \"><\/strong>En moyenne, 40% des actifs d\u2019une entreprise se pr\u00e9sentent sous la forme de dettes commerciales qui constituent l\u2019un des actifs les plus vuln\u00e9rables en termes de risque de perte. Le bilan d\u2019une entreprise est fortement d\u00e9pendant du paiement de sa dette commerciale pour assurer son flux de tr\u00e9sorerie et sa rentabilit\u00e9. L\u2019assurance-cr\u00e9dit est une protection contre le non-paiement de ces dettes commerciales en cas d\u2019insolvabilit\u00e9 de vos clients (C.C.A.A., chapitre 7, chapitre 11) ou de leur d\u00e9faut de paiement dans les d\u00e9lais convenus (refus d\u2019accepter des marchandises, comptes en souffrance).<\/div>\n<p>&nbsp;<\/p>\n<p><strong><span class=\"collapseomatic \" id=\"id69f1a5c61f315\" rel=\"c\" tabindex=\"0\" title=\"Quel est le co\u00fbt d'une assurance-cr\u00e9dit?\"    >Quel est le co\u00fbt d'une assurance-cr\u00e9dit?<\/span><div id=\"target-id69f1a5c61f315\" class=\"collapseomatic_content \"><\/strong>Les assureurs ont diff\u00e9rents mod\u00e8les d\u2019assurance sur les cr\u00e9ances. Les assur\u00e9s peuvent souvent choisir des options de partage des risques vari\u00e9es. Les contrats propos\u00e9s peuvent couvrir les ventes int\u00e9rieures ainsi que les ventes internationales, selon les besoins du client. Les clients peuvent souvent choisir entre l\u2019assurance d\u2019un segment ou de l\u2019ensemble de leurs ventes. Tous ces facteurs influencent largement le taux de la cotation. Les assureurs offrent une cotation sans frais et sans engagement. En tant que courtier nomm\u00e9 au compte, nous \u00e9valuons ces propositions pour vous.<\/p>\n<p>L\u2019assurance-cr\u00e9dit est factur\u00e9e sur la base des techniques actuarielles classiques. Elle est principalement vendu sur la base du chiffre d\u2019affaires total (contrat de couverture du chiffre d\u2019affaires total) et les taux de prime sont g\u00e9n\u00e9ralement exprim\u00e9s en pourcentage du chiffre d\u2019affaires de l&#8217;entreprise (comprenant les clients \u00e0 risque tant que ceux en bonne sant\u00e9 financi\u00e8re). \u00c9videmment, le chiffre d\u2019affaires futur n\u2019est pas connu au d\u00e9part et la prime n\u2019est donc \u00e9galement pas connue. Par cons\u00e9quent, un montant minimal de prime fait g\u00e9n\u00e9ralement partie int\u00e9grante du contrat.<\/p>\n<p>Certains des crit\u00e8res examin\u00e9s pour d\u00e9terminer le co\u00fbt sont les suivants:<\/p>\n<ul>\n<li>Chiffre d&#8217;affaires annuel<\/li>\n<li>Pays acheteurs<\/li>\n<li>R\u00e9tention du risque client<\/li>\n<li>Risque de concentration<\/li>\n<li>Avenants contrat<\/li>\n<li>Historique de perte<\/li>\n<li>Secteurs d&#8217;industrie<\/li>\n<li>Conditions de vente<\/li>\n<\/ul>\n<\/div>\n<p>&nbsp;<\/p>\n<p><strong><span class=\"collapseomatic \" id=\"id69f1a5c61f325\" rel=\"d\" tabindex=\"0\" title=\"Dois-je assurer tous mes clients?\"    >Dois-je assurer tous mes clients?<\/span><div id=\"target-id69f1a5c61f325\" class=\"collapseomatic_content \"><\/strong>Les contrats d&#8217;assurance-cr\u00e9dit sont adapt\u00e9s \u00e0 votre taille, \u00e0 votre secteur et \u00e0 vos ambitions commerciales, le r\u00e9sultat est un contrat sur mesure \u00e0 une prime abordable. La plupart des assureurs cr\u00e9dit proposent \u00e9galement des contrats standards pouvant des fois \u00eatre plus adapt\u00e9s, en fonction de l&#8217;activit\u00e9 commerciale \u00e0 assurer. De nombreux assureurs cr\u00e9dit ont \u00e9galement d\u00e9velopp\u00e9 des contrats sp\u00e9cifiques destin\u00e9s aux petites et moyennes entreprises (PME). L&#8217;administration requise de ces contrats est moindre et leur prix est tr\u00e8s comp\u00e9titif. Les entreprises inqui\u00e8tent de quelques-uns de leurs acheteurs peuvent opter pour un contrat d\u2019assurance-cr\u00e9dit couvrant certains de leurs acheteurs.<\/div>\n<p>&nbsp;<\/p>\n<p><strong><span class=\"collapseomatic \" id=\"id69f1a5c61f332\" rel=\"e\" tabindex=\"0\" title=\"Qu'est-ce que le risque politique?\"    >Qu'est-ce que le risque politique?<\/span><div id=\"target-id69f1a5c61f332\" class=\"collapseomatic_content \"><\/strong>Outre les facteurs commerciaux li\u00e9s au march\u00e9, les entreprises sont \u00e9galement touch\u00e9es par des d\u00e9cisions politiques pouvant affecter leurs activit\u00e9s, secteur d\u2019industries et l\u2019ensemble de l\u2019\u00e9conomie. Ceux-ci peuvent inclure les taxes, les d\u00e9penses, les r\u00e9glementations, l\u2019\u00e9valuation de la monnaie, les tarifs commerciaux, les lois du travail telles que les lois sur le salaire minimum et les r\u00e9glementations environnementales. Les entreprises sont expos\u00e9es \u00e0 de multiples risques, notamment l\u2019impossibilit\u00e9 de convertir la monnaie locale et de la rapatrier, l\u2019interruption du contrat, le non-paiement, la confiscation, le d\u00e9faut de paiement de la dette souveraine ou les troubles g\u00e9opolitiques. L\u2019assurance-cr\u00e9dit peut \u00e9liminer ou att\u00e9nuer certains risques politiques. Cela permet \u00e0 la direction et aux investisseurs de se concentrer sur les fondamentaux de l\u2019entreprise en sachant que les pertes li\u00e9es aux risques politiques sont \u00e9vit\u00e9es ou limit\u00e9es.<\/div>\n<p>&nbsp;<\/p>\n<p><strong><span class=\"collapseomatic \" id=\"id69f1a5c61f33f\" rel=\"f\" tabindex=\"0\" title=\"Quels sont les avantages de l'assurance-cr\u00e9dit?\"    >Quels sont les avantages de l'assurance-cr\u00e9dit?<\/span><div id=\"target-id69f1a5c61f33f\" class=\"collapseomatic_content \"><\/strong><br \/>\n<strong>Meilleur financement<\/strong>: L&#8217;assurance-cr\u00e9dit garantit les comptes clients ce qui am\u00e9liore votre position aupr\u00e8s des pr\u00eateurs et leur permet d\u2019am\u00e9liorer leurs conditions de marge et\/ou de financement bancaire.<\/p>\n<p><strong>Croissance des ventes<\/strong>: L&#8217;assurance-cr\u00e9dit vous aide \u00e0 augmenter vos ventes en toute s\u00e9curit\u00e9 et \u00e0 d\u00e9velopper vos activit\u00e9s sur les march\u00e9s int\u00e9rieurs ou internationaux aupr\u00e8s de nouveaux clients et de clients existants. Elle vous donne l&#8217;avantage concurrentiel de proposer des conditions de paiement ouvertes s\u00fbres et plus souples ou de permettre des commandes plus importantes.<\/p>\n<p><strong>Transfert de risque<\/strong>: L\u2019assurance-cr\u00e9dit est une protection contre le non-paiement de ces dettes commerciales en cas d\u2019insolvabilit\u00e9 de vos clients (C.C.A.A., chapitre 7, chapitre 11) ou de leur d\u00e9faut de paiement dans les d\u00e9lais convenus (refus d\u2019accepter des marchandises, comptes en souffrance). C&#8217;est la meilleure protection pour votre entreprise contre le risque de d\u00e9faillance des clients et les pertes catastrophiques et en vous assurant d\u2019\u00eatre pay\u00e9.<\/p>\n<p><strong>Gestion du risque<\/strong>: L\u2019assurance-cr\u00e9dit vous fourni les meilleures informations afin de prendre les bonnes d\u00e9cisions pour votre entreprise en travaillant en \u00e9troite collaboration avec vos gestionnaires internes responsables du cr\u00e9dit afin d\u2019optimiser la gestion du cr\u00e9dit de votre entreprise.<\/div>\n<p>&nbsp;<\/p>\n<p><strong><span class=\"collapseomatic \" id=\"id69f1a5c61f34e\" rel=\"g\" tabindex=\"0\" title=\"Quels sont les avantages de choisir UNI Courtage en Assurance-Cr\u00e9dit comme votre courtier?\"    >Quels sont les avantages de choisir UNI Courtage en Assurance-Cr\u00e9dit comme votre courtier?<\/span><div id=\"target-id69f1a5c61f34e\" class=\"collapseomatic_content \"><\/strong>Nous vous proposons des solutions novatrices et personnalis\u00e9es afin qu\u2019elles soient sp\u00e9cifiquement adapt\u00e9es \u00e0 vos besoins. C\u2019est pourquoi UNI Courtage en Assurance-Cr\u00e9dit proc\u00e8de sans frais pour vous \u00e0 une \u00e9tude comparative des diverses solutions offertes par les plus grands assureurs-cr\u00e9dit. UNI Courtage en Assurance-Cr\u00e9dit vous aide \u00e0 g\u00e9rer l\u2019assurance-cr\u00e9dit souscrite par l\u2019assureur et \u00e0 recevoir un traitement rapide des demandes de limites de cr\u00e9dit et des litiges.<\/p>\n<p>Notre service sans frais comprend \u00e9galement :<\/p>\n<ul>\n<li>une comparaison experte des conditions du contrat avec les autres offres du march\u00e9;<\/li>\n<li>une \u00e9tude de vos conditions g\u00e9n\u00e9rales de vente;<\/li>\n<li>des solutions d\u2019optimisation de la gestion des d\u00e9biteurs;<\/li>\n<li>une formation des collaborateurs responsables du suivi des d\u00e9biteurs;<\/li>\n<li>l\u2019\u00e9laboration et le contr\u00f4le des conditions du contrat et de ses avenants;<\/li>\n<li>une intervention ponctuelle en cas de probl\u00e8me li\u00e9s aux limites de cr\u00e9dit;<\/li>\n<li>une approche vigilante et un suivi minutieux des litiges en vue d\u2019obtenir un paiement rapide;<\/li>\n<li>des solutions d\u2019assurance-cr\u00e9dit internationales pour vos filiales dans le monde entier;<\/li>\n<li>d\u2019autres solutions de financement des risques.<\/li>\n<\/ul>\n<\/div>\n<p>&nbsp;<\/p>\n<p><strong><span class=\"collapseomatic \" id=\"id69f1a5c61f35b\" rel=\"h\" tabindex=\"0\" title=\"Mon contrat d'assurance-cr\u00e9dit sera-t-il plus cher si j'utilise les services d'UNI Courtage en Assurance-Cr\u00e9dit?\"    >Mon contrat d'assurance-cr\u00e9dit sera-t-il plus cher si j'utilise les services d'UNI Courtage en Assurance-Cr\u00e9dit?<\/span><div id=\"target-id69f1a5c61f35b\" class=\"collapseomatic_content \"><\/strong>Non. Pour l&#8217;assur\u00e9, il n&#8217;y a aucun co\u00fbt reli\u00e9 \u00e0 faire appel \u00e0 l\u2019expertise d\u2019un courtier. Une partie int\u00e9grante de nos services consiste \u00e0 s&#8217;assurer que vous ayez acc\u00e8s aux meilleurs tarifs et que votre contrat d\u2019assurance-cr\u00e9dit soit sp\u00e9cifiquement adapt\u00e9e \u00e0 vos besoins. Votre contrat d&#8217;assurance-cr\u00e9dit sera donc probablement moins co\u00fbteux.<\/div>\n<p>&nbsp;<\/p>\n<p><a href=\"http:\/\/unitci.com\/fr\/contactez-nous\/\"><strong>Contactez-nous<\/strong><\/a> ou <a href=\"http:\/\/unitci.com\/fr\/demandez-une-cotation\/\"><strong>demandez une cotation<\/strong><\/a> d\u00e8s aujourd&#8217;hui.<\/p>\n","protected":false},"excerpt":{"rendered":"<p>&nbsp; &nbsp; &nbsp; &nbsp; &nbsp; &nbsp; &nbsp; &nbsp; Contactez-nous ou demandez une cotation d\u00e8s aujourd&#8217;hui.<\/p>\n","protected":false},"author":1,"featured_media":0,"parent":0,"menu_order":0,"comment_status":"closed","ping_status":"closed","template":"","meta":{"footnotes":""},"class_list":["post-46","page","type-page","status-publish","hentry"],"_links":{"self":[{"href":"https:\/\/unitci.com\/fr\/wp-json\/wp\/v2\/pages\/46","targetHints":{"allow":["GET"]}}],"collection":[{"href":"https:\/\/unitci.com\/fr\/wp-json\/wp\/v2\/pages"}],"about":[{"href":"https:\/\/unitci.com\/fr\/wp-json\/wp\/v2\/types\/page"}],"author":[{"embeddable":true,"href":"https:\/\/unitci.com\/fr\/wp-json\/wp\/v2\/users\/1"}],"replies":[{"embeddable":true,"href":"https:\/\/unitci.com\/fr\/wp-json\/wp\/v2\/comments?post=46"}],"version-history":[{"count":5,"href":"https:\/\/unitci.com\/fr\/wp-json\/wp\/v2\/pages\/46\/revisions"}],"predecessor-version":[{"id":101,"href":"https:\/\/unitci.com\/fr\/wp-json\/wp\/v2\/pages\/46\/revisions\/101"}],"wp:attachment":[{"href":"https:\/\/unitci.com\/fr\/wp-json\/wp\/v2\/media?parent=46"}],"curies":[{"name":"wp","href":"https:\/\/api.w.org\/{rel}","templated":true}]}}